{"id":2477,"date":"2020-02-13T17:17:43","date_gmt":"2020-02-13T16:17:43","guid":{"rendered":"https:\/\/chateaudeseguinevents.com\/?page_id=2477"},"modified":"2025-06-19T14:50:40","modified_gmt":"2025-06-19T13:50:40","slug":"seminaires-professionnels","status":"publish","type":"page","link":"https:\/\/chateaudeseguinevents.com\/en\/seminaire-bordeaux\/seminaires-professionnels\/","title":{"rendered":"Professional seminars"},"content":{"rendered":"","protected":false},"excerpt":{"rendered":"","protected":false},"author":1,"featured_media":2479,"parent":2334,"menu_order":7,"comment_status":"closed","ping_status":"closed","template":"","meta":{"_acf_changed":false,"footnotes":""},"class_list":["post-2477","page","type-page","status-publish","has-post-thumbnail","hentry"],"acf":[],"yoast_head":"<!-- This site is optimized with the Yoast SEO plugin v27.3 - https:\/\/yoast.com\/product\/yoast-seo-wordpress\/ -->\n<title>Professional seminars - Ch\u00e2teau de Seguin Events<\/title>\n<meta name=\"description\" content=\"Location de salle de s\u00e9minaire au ch\u00e2teau proche de Bordeaux\" \/>\n<meta name=\"robots\" content=\"index, follow, max-snippet:-1, max-image-preview:large, max-video-preview:-1\" \/>\n<link rel=\"canonical\" href=\"https:\/\/chateaudeseguinevents.com\/en\/seminaire-bordeaux\/seminaires-professionnels\/\" \/>\n<meta property=\"og:locale\" content=\"en_US\" \/>\n<meta property=\"og:type\" content=\"article\" \/>\n<meta property=\"og:title\" content=\"Professional seminars - Ch\u00e2teau de Seguin Events\" \/>\n<meta property=\"og:description\" content=\"Location de salle de s\u00e9minaire au ch\u00e2teau proche de Bordeaux\" \/>\n<meta property=\"og:url\" content=\"https:\/\/chateaudeseguinevents.com\/en\/seminaire-bordeaux\/seminaires-professionnels\/\" \/>\n<meta property=\"og:site_name\" content=\"Ch\u00e2teau de Seguin Events\" \/>\n<meta property=\"article:modified_time\" content=\"2025-06-19T13:50:40+00:00\" \/>\n<meta property=\"og:image\" content=\"https:\/\/chateaudeseguinevents.com\/wp-content\/uploads\/2020\/02\/seminaire-au-chateau-de-seguin.jpg\" \/>\n\t<meta property=\"og:image:width\" content=\"2016\" \/>\n\t<meta property=\"og:image:height\" content=\"1512\" \/>\n\t<meta property=\"og:image:type\" content=\"image\/jpeg\" \/>\n<meta name=\"twitter:card\" content=\"summary_large_image\" \/>\n<script type=\"application\/ld+json\" class=\"yoast-schema-graph\">{\"@context\":\"https:\\\/\\\/schema.org\",\"@graph\":[{\"@type\":\"WebPage\",\"@id\":\"https:\\\/\\\/chateaudeseguinevents.com\\\/en\\\/seminaire-bordeaux\\\/seminaires-professionnels\\\/\",\"url\":\"https:\\\/\\\/chateaudeseguinevents.com\\\/en\\\/seminaire-bordeaux\\\/seminaires-professionnels\\\/\",\"name\":\"Professional seminars - Ch\u00e2teau de Seguin Events\",\"isPartOf\":{\"@id\":\"https:\\\/\\\/chateaudeseguinevents.com\\\/en\\\/#website\"},\"primaryImageOfPage\":{\"@id\":\"https:\\\/\\\/chateaudeseguinevents.com\\\/en\\\/seminaire-bordeaux\\\/seminaires-professionnels\\\/#primaryimage\"},\"image\":{\"@id\":\"https:\\\/\\\/chateaudeseguinevents.com\\\/seminaire-bordeaux\\\/seminaires-professionnels\\\/#primaryimage\"},\"thumbnailUrl\":\"https:\\\/\\\/chateaudeseguinevents.com\\\/wp-content\\\/uploads\\\/2020\\\/02\\\/seminaire-au-chateau-de-seguin.jpg\",\"datePublished\":\"2020-02-13T16:17:43+00:00\",\"dateModified\":\"2025-06-19T13:50:40+00:00\",\"description\":\"Location de salle de s\u00e9minaire au ch\u00e2teau proche de Bordeaux\",\"breadcrumb\":{\"@id\":\"https:\\\/\\\/chateaudeseguinevents.com\\\/en\\\/seminaire-bordeaux\\\/seminaires-professionnels\\\/#breadcrumb\"},\"inLanguage\":\"en-US\",\"potentialAction\":[{\"@type\":\"ReadAction\",\"target\":[[\"https:\\\/\\\/chateaudeseguinevents.com\\\/en\\\/seminaire-bordeaux\\\/seminaires-professionnels\\\/\"]]}]},{\"@type\":\"ImageObject\",\"inLanguage\":\"en-US\",\"@id\":\"https:\\\/\\\/chateaudeseguinevents.com\\\/en\\\/seminaire-bordeaux\\\/seminaires-professionnels\\\/#primaryimage\",\"url\":\"https:\\\/\\\/chateaudeseguinevents.com\\\/wp-content\\\/uploads\\\/2020\\\/02\\\/seminaire-au-chateau-de-seguin.jpg\",\"contentUrl\":\"https:\\\/\\\/chateaudeseguinevents.com\\\/wp-content\\\/uploads\\\/2020\\\/02\\\/seminaire-au-chateau-de-seguin.jpg\",\"width\":2016,\"height\":1512,\"caption\":\"S\u00e9minaires professionnels au Ch\u00e2teau de Seguin\"},{\"@type\":\"BreadcrumbList\",\"@id\":\"https:\\\/\\\/chateaudeseguinevents.com\\\/en\\\/seminaire-bordeaux\\\/seminaires-professionnels\\\/#breadcrumb\",\"itemListElement\":[{\"@type\":\"ListItem\",\"position\":1,\"name\":\"Accueil\",\"item\":\"https:\\\/\\\/chateaudeseguinevents.com\\\/en\\\/\"},{\"@type\":\"ListItem\",\"position\":2,\"name\":\"\u00c9v\u00e9nements corporate\",\"item\":\"https:\\\/\\\/chateaudeseguinevents.com\\\/en\\\/seminaire-bordeaux\\\/\"},{\"@type\":\"ListItem\",\"position\":3,\"name\":\"S\u00e9minaires professionnels au Ch\u00e2teau \u00e0 20 min de Bordeaux\"}]},{\"@type\":\"WebSite\",\"@id\":\"https:\\\/\\\/chateaudeseguinevents.com\\\/en\\\/#website\",\"url\":\"https:\\\/\\\/chateaudeseguinevents.com\\\/en\\\/\",\"name\":\"Ch\u00e2teau de Seguin Events\",\"description\":\"Lieu d&#039;exception pour l&#039;organisation de mariages et de s\u00e9minaires\",\"potentialAction\":[{\"@type\":\"SearchAction\",\"target\":{\"@type\":\"EntryPoint\",\"urlTemplate\":\"https:\\\/\\\/chateaudeseguinevents.com\\\/en\\\/?s={search_term_string}\"},\"query-input\":{\"@type\":\"PropertyValueSpecification\",\"valueRequired\":true,\"valueName\":\"search_term_string\"}}],\"inLanguage\":\"en-US\"}]}<\/script>\n<!-- \/ Yoast SEO plugin. -->","yoast_head_json":{"title":"Professional seminars - Ch\u00e2teau de Seguin Events","description":"Location de salle de s\u00e9minaire au ch\u00e2teau proche de Bordeaux","robots":{"index":"index","follow":"follow","max-snippet":"max-snippet:-1","max-image-preview":"max-image-preview:large","max-video-preview":"max-video-preview:-1"},"canonical":"https:\/\/chateaudeseguinevents.com\/en\/seminaire-bordeaux\/seminaires-professionnels\/","og_locale":"en_US","og_type":"article","og_title":"Professional seminars - Ch\u00e2teau de Seguin Events","og_description":"Location de salle de s\u00e9minaire au ch\u00e2teau proche de Bordeaux","og_url":"https:\/\/chateaudeseguinevents.com\/en\/seminaire-bordeaux\/seminaires-professionnels\/","og_site_name":"Ch\u00e2teau de Seguin Events","article_modified_time":"2025-06-19T13:50:40+00:00","og_image":[{"width":2016,"height":1512,"url":"https:\/\/chateaudeseguinevents.com\/wp-content\/uploads\/2020\/02\/seminaire-au-chateau-de-seguin.jpg","type":"image\/jpeg"}],"twitter_card":"summary_large_image","schema":{"@context":"https:\/\/schema.org","@graph":[{"@type":"WebPage","@id":"https:\/\/chateaudeseguinevents.com\/en\/seminaire-bordeaux\/seminaires-professionnels\/","url":"https:\/\/chateaudeseguinevents.com\/en\/seminaire-bordeaux\/seminaires-professionnels\/","name":"Professional seminars - Ch\u00e2teau de Seguin Events","isPartOf":{"@id":"https:\/\/chateaudeseguinevents.com\/en\/#website"},"primaryImageOfPage":{"@id":"https:\/\/chateaudeseguinevents.com\/en\/seminaire-bordeaux\/seminaires-professionnels\/#primaryimage"},"image":{"@id":"https:\/\/chateaudeseguinevents.com\/seminaire-bordeaux\/seminaires-professionnels\/#primaryimage"},"thumbnailUrl":"https:\/\/chateaudeseguinevents.com\/wp-content\/uploads\/2020\/02\/seminaire-au-chateau-de-seguin.jpg","datePublished":"2020-02-13T16:17:43+00:00","dateModified":"2025-06-19T13:50:40+00:00","description":"Location de salle de s\u00e9minaire au ch\u00e2teau proche de Bordeaux","breadcrumb":{"@id":"https:\/\/chateaudeseguinevents.com\/en\/seminaire-bordeaux\/seminaires-professionnels\/#breadcrumb"},"inLanguage":"en-US","potentialAction":[{"@type":"ReadAction","target":[["https:\/\/chateaudeseguinevents.com\/en\/seminaire-bordeaux\/seminaires-professionnels\/"]]}]},{"@type":"ImageObject","inLanguage":"en-US","@id":"https:\/\/chateaudeseguinevents.com\/en\/seminaire-bordeaux\/seminaires-professionnels\/#primaryimage","url":"https:\/\/chateaudeseguinevents.com\/wp-content\/uploads\/2020\/02\/seminaire-au-chateau-de-seguin.jpg","contentUrl":"https:\/\/chateaudeseguinevents.com\/wp-content\/uploads\/2020\/02\/seminaire-au-chateau-de-seguin.jpg","width":2016,"height":1512,"caption":"S\u00e9minaires professionnels au Ch\u00e2teau de Seguin"},{"@type":"BreadcrumbList","@id":"https:\/\/chateaudeseguinevents.com\/en\/seminaire-bordeaux\/seminaires-professionnels\/#breadcrumb","itemListElement":[{"@type":"ListItem","position":1,"name":"Accueil","item":"https:\/\/chateaudeseguinevents.com\/en\/"},{"@type":"ListItem","position":2,"name":"\u00c9v\u00e9nements corporate","item":"https:\/\/chateaudeseguinevents.com\/en\/seminaire-bordeaux\/"},{"@type":"ListItem","position":3,"name":"S\u00e9minaires professionnels au Ch\u00e2teau \u00e0 20 min de Bordeaux"}]},{"@type":"WebSite","@id":"https:\/\/chateaudeseguinevents.com\/en\/#website","url":"https:\/\/chateaudeseguinevents.com\/en\/","name":"Ch\u00e2teau de Seguin Events","description":"Lieu d&#039;exception pour l&#039;organisation de mariages et de s\u00e9minaires","potentialAction":[{"@type":"SearchAction","target":{"@type":"EntryPoint","urlTemplate":"https:\/\/chateaudeseguinevents.com\/en\/?s={search_term_string}"},"query-input":{"@type":"PropertyValueSpecification","valueRequired":true,"valueName":"search_term_string"}}],"inLanguage":"en-US"}]}},"_links":{"self":[{"href":"https:\/\/chateaudeseguinevents.com\/en\/wp-json\/wp\/v2\/pages\/2477","targetHints":{"allow":["GET"]}}],"collection":[{"href":"https:\/\/chateaudeseguinevents.com\/en\/wp-json\/wp\/v2\/pages"}],"about":[{"href":"https:\/\/chateaudeseguinevents.com\/en\/wp-json\/wp\/v2\/types\/page"}],"author":[{"embeddable":true,"href":"https:\/\/chateaudeseguinevents.com\/en\/wp-json\/wp\/v2\/users\/1"}],"replies":[{"embeddable":true,"href":"https:\/\/chateaudeseguinevents.com\/en\/wp-json\/wp\/v2\/comments?post=2477"}],"version-history":[{"count":19,"href":"https:\/\/chateaudeseguinevents.com\/en\/wp-json\/wp\/v2\/pages\/2477\/revisions"}],"predecessor-version":[{"id":14615,"href":"https:\/\/chateaudeseguinevents.com\/en\/wp-json\/wp\/v2\/pages\/2477\/revisions\/14615"}],"up":[{"embeddable":true,"href":"https:\/\/chateaudeseguinevents.com\/en\/wp-json\/wp\/v2\/pages\/2334"}],"wp:featuredmedia":[{"embeddable":true,"href":"https:\/\/chateaudeseguinevents.com\/en\/wp-json\/wp\/v2\/media\/2479"}],"wp:attachment":[{"href":"https:\/\/chateaudeseguinevents.com\/en\/wp-json\/wp\/v2\/media?parent=2477"}],"curies":[{"name":"wp","href":"https:\/\/api.w.org\/{rel}","templated":true}]}}