{"id":2336,"date":"2020-02-04T15:25:25","date_gmt":"2020-02-04T14:25:25","guid":{"rendered":"https:\/\/chateaudeseguinevents.com\/?page_id=2336"},"modified":"2026-01-06T09:41:28","modified_gmt":"2026-01-06T08:41:28","slug":"hebergements","status":"publish","type":"page","link":"https:\/\/chateaudeseguinevents.com\/en\/hebergements\/","title":{"rendered":"Accomodations"},"content":{"rendered":"<p><\/p>\n<p style=\"text-align: center;\"><strong>Directly in the Ch\u00e2teau de Seguin, on the property or in the Ch\u00e2teau La France just 15 km away, we offer several accommodation options to support your event at the Ch\u00e2teau de Seguin.<\/strong><\/p>\n<p><\/p>","protected":false},"excerpt":{"rendered":"<p>Directly in the Ch\u00e2teau de Seguin, on the property or in the Ch\u00e2teau La France just 15 km away, we offer several accommodation options to support your event at the Ch\u00e2teau de Seguin.<\/p>\n","protected":false},"author":1,"featured_media":0,"parent":0,"menu_order":14,"comment_status":"closed","ping_status":"closed","template":"page-hebergements.php","meta":{"_acf_changed":false,"footnotes":""},"class_list":["post-2336","page","type-page","status-publish","hentry"],"acf":[],"yoast_head":"<!-- This site is optimized with the Yoast SEO plugin v27.3 - https:\/\/yoast.com\/product\/yoast-seo-wordpress\/ -->\n<title>Accomodations - Ch\u00e2teau de Seguin Events<\/title>\n<meta name=\"robots\" content=\"index, follow, max-snippet:-1, max-image-preview:large, max-video-preview:-1\" \/>\n<link rel=\"canonical\" href=\"https:\/\/chateaudeseguinevents.com\/en\/hebergements\/\" \/>\n<meta property=\"og:locale\" content=\"en_US\" \/>\n<meta property=\"og:type\" content=\"article\" \/>\n<meta property=\"og:title\" content=\"Accomodations - Ch\u00e2teau de Seguin Events\" \/>\n<meta property=\"og:description\" content=\"Directly in the Ch\u00e2teau de Seguin, on the property or in the Ch\u00e2teau La France just 15 km away, we offer several accommodation options to support your event at the Ch\u00e2teau de Seguin.\" \/>\n<meta property=\"og:url\" content=\"https:\/\/chateaudeseguinevents.com\/en\/hebergements\/\" \/>\n<meta property=\"og:site_name\" content=\"Ch\u00e2teau de Seguin Events\" \/>\n<meta property=\"article:modified_time\" content=\"2026-01-06T08:41:28+00:00\" \/>\n<meta name=\"twitter:card\" content=\"summary_large_image\" \/>\n<meta name=\"twitter:label1\" content=\"Est. reading time\" \/>\n\t<meta name=\"twitter:data1\" content=\"7 minutes\" \/>\n<script type=\"application\/ld+json\" class=\"yoast-schema-graph\">{\"@context\":\"https:\\\/\\\/schema.org\",\"@graph\":[{\"@type\":\"WebPage\",\"@id\":\"https:\\\/\\\/chateaudeseguinevents.com\\\/en\\\/hebergements\\\/\",\"url\":\"https:\\\/\\\/chateaudeseguinevents.com\\\/en\\\/hebergements\\\/\",\"name\":\"Accomodations - Ch\u00e2teau de Seguin Events\",\"isPartOf\":{\"@id\":\"https:\\\/\\\/chateaudeseguinevents.com\\\/en\\\/#website\"},\"datePublished\":\"2020-02-04T14:25:25+00:00\",\"dateModified\":\"2026-01-06T08:41:28+00:00\",\"breadcrumb\":{\"@id\":\"https:\\\/\\\/chateaudeseguinevents.com\\\/en\\\/hebergements\\\/#breadcrumb\"},\"inLanguage\":\"en-US\",\"potentialAction\":[{\"@type\":\"ReadAction\",\"target\":[[\"https:\\\/\\\/chateaudeseguinevents.com\\\/en\\\/hebergements\\\/\"]]}]},{\"@type\":\"BreadcrumbList\",\"@id\":\"https:\\\/\\\/chateaudeseguinevents.com\\\/en\\\/hebergements\\\/#breadcrumb\",\"itemListElement\":[{\"@type\":\"ListItem\",\"position\":1,\"name\":\"Accueil\",\"item\":\"https:\\\/\\\/chateaudeseguinevents.com\\\/en\\\/\"},{\"@type\":\"ListItem\",\"position\":2,\"name\":\"H\u00e9bergements\"}]},{\"@type\":\"WebSite\",\"@id\":\"https:\\\/\\\/chateaudeseguinevents.com\\\/en\\\/#website\",\"url\":\"https:\\\/\\\/chateaudeseguinevents.com\\\/en\\\/\",\"name\":\"Ch\u00e2teau de Seguin Events\",\"description\":\"Lieu d&#039;exception pour l&#039;organisation de mariages et de s\u00e9minaires\",\"potentialAction\":[{\"@type\":\"SearchAction\",\"target\":{\"@type\":\"EntryPoint\",\"urlTemplate\":\"https:\\\/\\\/chateaudeseguinevents.com\\\/en\\\/?s={search_term_string}\"},\"query-input\":{\"@type\":\"PropertyValueSpecification\",\"valueRequired\":true,\"valueName\":\"search_term_string\"}}],\"inLanguage\":\"en-US\"}]}<\/script>\n<!-- \/ Yoast SEO plugin. -->","yoast_head_json":{"title":"Accomodations - Ch\u00e2teau de Seguin Events","robots":{"index":"index","follow":"follow","max-snippet":"max-snippet:-1","max-image-preview":"max-image-preview:large","max-video-preview":"max-video-preview:-1"},"canonical":"https:\/\/chateaudeseguinevents.com\/en\/hebergements\/","og_locale":"en_US","og_type":"article","og_title":"Accomodations - Ch\u00e2teau de Seguin Events","og_description":"Directly in the Ch\u00e2teau de Seguin, on the property or in the Ch\u00e2teau La France just 15 km away, we offer several accommodation options to support your event at the Ch\u00e2teau de Seguin.","og_url":"https:\/\/chateaudeseguinevents.com\/en\/hebergements\/","og_site_name":"Ch\u00e2teau de Seguin Events","article_modified_time":"2026-01-06T08:41:28+00:00","twitter_card":"summary_large_image","twitter_misc":{"Est. reading time":"7 minutes"},"schema":{"@context":"https:\/\/schema.org","@graph":[{"@type":"WebPage","@id":"https:\/\/chateaudeseguinevents.com\/en\/hebergements\/","url":"https:\/\/chateaudeseguinevents.com\/en\/hebergements\/","name":"Accomodations - Ch\u00e2teau de Seguin Events","isPartOf":{"@id":"https:\/\/chateaudeseguinevents.com\/en\/#website"},"datePublished":"2020-02-04T14:25:25+00:00","dateModified":"2026-01-06T08:41:28+00:00","breadcrumb":{"@id":"https:\/\/chateaudeseguinevents.com\/en\/hebergements\/#breadcrumb"},"inLanguage":"en-US","potentialAction":[{"@type":"ReadAction","target":[["https:\/\/chateaudeseguinevents.com\/en\/hebergements\/"]]}]},{"@type":"BreadcrumbList","@id":"https:\/\/chateaudeseguinevents.com\/en\/hebergements\/#breadcrumb","itemListElement":[{"@type":"ListItem","position":1,"name":"Accueil","item":"https:\/\/chateaudeseguinevents.com\/en\/"},{"@type":"ListItem","position":2,"name":"H\u00e9bergements"}]},{"@type":"WebSite","@id":"https:\/\/chateaudeseguinevents.com\/en\/#website","url":"https:\/\/chateaudeseguinevents.com\/en\/","name":"Ch\u00e2teau de Seguin Events","description":"Lieu d&#039;exception pour l&#039;organisation de mariages et de s\u00e9minaires","potentialAction":[{"@type":"SearchAction","target":{"@type":"EntryPoint","urlTemplate":"https:\/\/chateaudeseguinevents.com\/en\/?s={search_term_string}"},"query-input":{"@type":"PropertyValueSpecification","valueRequired":true,"valueName":"search_term_string"}}],"inLanguage":"en-US"}]}},"_links":{"self":[{"href":"https:\/\/chateaudeseguinevents.com\/en\/wp-json\/wp\/v2\/pages\/2336","targetHints":{"allow":["GET"]}}],"collection":[{"href":"https:\/\/chateaudeseguinevents.com\/en\/wp-json\/wp\/v2\/pages"}],"about":[{"href":"https:\/\/chateaudeseguinevents.com\/en\/wp-json\/wp\/v2\/types\/page"}],"author":[{"embeddable":true,"href":"https:\/\/chateaudeseguinevents.com\/en\/wp-json\/wp\/v2\/users\/1"}],"replies":[{"embeddable":true,"href":"https:\/\/chateaudeseguinevents.com\/en\/wp-json\/wp\/v2\/comments?post=2336"}],"version-history":[{"count":18,"href":"https:\/\/chateaudeseguinevents.com\/en\/wp-json\/wp\/v2\/pages\/2336\/revisions"}],"predecessor-version":[{"id":18162,"href":"https:\/\/chateaudeseguinevents.com\/en\/wp-json\/wp\/v2\/pages\/2336\/revisions\/18162"}],"wp:attachment":[{"href":"https:\/\/chateaudeseguinevents.com\/en\/wp-json\/wp\/v2\/media?parent=2336"}],"curies":[{"name":"wp","href":"https:\/\/api.w.org\/{rel}","templated":true}]}}