{"id":2334,"date":"2020-02-04T15:25:11","date_gmt":"2020-02-04T14:25:11","guid":{"rendered":"https:\/\/chateaudeseguinevents.com\/?page_id=2334"},"modified":"2025-06-20T13:45:09","modified_gmt":"2025-06-20T12:45:09","slug":"seminaire-bordeaux","status":"publish","type":"page","link":"https:\/\/chateaudeseguinevents.com\/en\/seminaire-bordeaux\/","title":{"rendered":"Corporate events"},"content":{"rendered":"<p><\/p>\n<p style=\"text-align: center;\"><strong>The Ch\u00e2teau de Seguin provides your professional events with more than 1000 m\u00b2 of outdoor spaces, a room that can accommodate 500 seats in conference mode, 300 people for lunch or dinner and an accommodation capacity of more than 30 people. <br \/>\n<\/strong><\/p>\n<p><a href=\"https:\/\/chateaudeseguinevents.com\/wp-content\/uploads\/2020\/03\/chateau-de-seguin-seminaire-receptif-mariage-vue-aerienne.jpg\"><img loading=\"lazy\" decoding=\"async\" class=\"size-large wp-image-2671 aligncenter\" src=\"https:\/\/chateaudeseguinevents.com\/wp-content\/uploads\/2020\/03\/chateau-de-seguin-seminaire-receptif-mariage-vue-aerienne-1200x736.jpg\" alt=\"Ch\u00e2teau de Seguin, mariage s\u00e9minaire r\u00e9ceptif professionnels dans une propri\u00e9t\u00e9 viticole \u00e0 Bordeaux\" width=\"1200\" height=\"736\" srcset=\"https:\/\/chateaudeseguinevents.com\/wp-content\/uploads\/2020\/03\/chateau-de-seguin-seminaire-receptif-mariage-vue-aerienne-1200x736.jpg 1200w, https:\/\/chateaudeseguinevents.com\/wp-content\/uploads\/2020\/03\/chateau-de-seguin-seminaire-receptif-mariage-vue-aerienne-750x460.jpg 750w, https:\/\/chateaudeseguinevents.com\/wp-content\/uploads\/2020\/03\/chateau-de-seguin-seminaire-receptif-mariage-vue-aerienne-1536x942.jpg 1536w, https:\/\/chateaudeseguinevents.com\/wp-content\/uploads\/2020\/03\/chateau-de-seguin-seminaire-receptif-mariage-vue-aerienne-300x184.jpg 300w, https:\/\/chateaudeseguinevents.com\/wp-content\/uploads\/2020\/03\/chateau-de-seguin-seminaire-receptif-mariage-vue-aerienne.jpg 1630w\" sizes=\"auto, (max-width: 1200px) 100vw, 1200px\" \/><\/a><\/p>\n<h2>The spaces of the Ch\u00e2teau de Seguin<\/h2>\n<p>The Ch\u00e2teau de Seguin invites you to take possession of its dedicated reception areas for all your events:<\/p>\n<ul>\n<li>A large modular room for your working days or company evenings<\/li>\n<li>Sub-committee rooms to hold your workshops after the plenary<\/li>\n<li>An 18th century chateau of 530 m\u00b2, and its lounges for your small group or VIP receptions<\/li>\n<li>A wooded park, an interior courtyard and its covered courtyard for your product launches, summer restorations or outdoor activities<\/li>\n<li>A museum space steeped in history for a visit (with or without tasting) close to the workspaces!<\/li>\n<li>Luxury accommodation for your residential seminars or stopover evenings. 11 rooms near the hall!<\/li>\n<\/ul>\n<p>&nbsp;<\/p>\n<hr \/>\n<p><\/p>","protected":false},"excerpt":{"rendered":"<p>The Ch\u00e2teau de Seguin provides your professional events with more than 1000 m\u00b2 of outdoor spaces, a room that can accommodate 500 seats in conference mode, 300 people for lunch or dinner and an accommodation capacity of more than 30 [&hellip;]<\/p>\n","protected":false},"author":1,"featured_media":2373,"parent":0,"menu_order":6,"comment_status":"closed","ping_status":"closed","template":"page-corporate.php","meta":{"_acf_changed":false,"footnotes":""},"class_list":["post-2334","page","type-page","status-publish","has-post-thumbnail","hentry"],"acf":[],"yoast_head":"<!-- This site is optimized with the Yoast SEO plugin v27.3 - https:\/\/yoast.com\/product\/yoast-seo-wordpress\/ -->\n<title>Corporate events - Ch\u00e2teau de Seguin Events<\/title>\n<meta name=\"description\" content=\"Une adresse id\u00e9ale pour l&#039;organisation de s\u00e9minaire proche de Bordeaux. Votre S\u00e9minaire au vert \u00e0 20 minutes du centre ville.\" \/>\n<meta name=\"robots\" content=\"index, follow, max-snippet:-1, max-image-preview:large, max-video-preview:-1\" \/>\n<link rel=\"canonical\" href=\"https:\/\/chateaudeseguinevents.com\/en\/seminaire-bordeaux\/\" \/>\n<meta property=\"og:locale\" content=\"en_US\" \/>\n<meta property=\"og:type\" content=\"article\" \/>\n<meta property=\"og:title\" content=\"Corporate events - Ch\u00e2teau de Seguin Events\" \/>\n<meta property=\"og:description\" content=\"Une adresse id\u00e9ale pour l&#039;organisation de s\u00e9minaire proche de Bordeaux. Votre S\u00e9minaire au vert \u00e0 20 minutes du centre ville.\" \/>\n<meta property=\"og:url\" content=\"https:\/\/chateaudeseguinevents.com\/en\/seminaire-bordeaux\/\" \/>\n<meta property=\"og:site_name\" content=\"Ch\u00e2teau de Seguin Events\" \/>\n<meta property=\"article:modified_time\" content=\"2025-06-20T12:45:09+00:00\" \/>\n<meta property=\"og:image\" content=\"https:\/\/chateaudeseguinevents.com\/wp-content\/uploads\/2020\/02\/event-pro.jpg\" \/>\n\t<meta property=\"og:image:width\" content=\"957\" \/>\n\t<meta property=\"og:image:height\" content=\"641\" \/>\n\t<meta property=\"og:image:type\" content=\"image\/jpeg\" \/>\n<meta name=\"twitter:card\" content=\"summary_large_image\" \/>\n<meta name=\"twitter:label1\" content=\"Est. reading time\" \/>\n\t<meta name=\"twitter:data1\" content=\"2 minutes\" \/>\n<script type=\"application\/ld+json\" class=\"yoast-schema-graph\">{\"@context\":\"https:\\\/\\\/schema.org\",\"@graph\":[{\"@type\":\"WebPage\",\"@id\":\"https:\\\/\\\/chateaudeseguinevents.com\\\/en\\\/seminaire-bordeaux\\\/\",\"url\":\"https:\\\/\\\/chateaudeseguinevents.com\\\/en\\\/seminaire-bordeaux\\\/\",\"name\":\"Corporate events - Ch\u00e2teau de Seguin Events\",\"isPartOf\":{\"@id\":\"https:\\\/\\\/chateaudeseguinevents.com\\\/en\\\/#website\"},\"primaryImageOfPage\":{\"@id\":\"https:\\\/\\\/chateaudeseguinevents.com\\\/en\\\/seminaire-bordeaux\\\/#primaryimage\"},\"image\":{\"@id\":\"https:\\\/\\\/chateaudeseguinevents.com\\\/seminaire-bordeaux\\\/#primaryimage\"},\"thumbnailUrl\":\"https:\\\/\\\/chateaudeseguinevents.com\\\/wp-content\\\/uploads\\\/2020\\\/02\\\/event-pro.jpg\",\"datePublished\":\"2020-02-04T14:25:11+00:00\",\"dateModified\":\"2025-06-20T12:45:09+00:00\",\"description\":\"Une adresse id\u00e9ale pour l'organisation de s\u00e9minaire proche de Bordeaux. Votre S\u00e9minaire au vert \u00e0 20 minutes du centre ville.\",\"breadcrumb\":{\"@id\":\"https:\\\/\\\/chateaudeseguinevents.com\\\/en\\\/seminaire-bordeaux\\\/#breadcrumb\"},\"inLanguage\":\"en-US\",\"potentialAction\":[{\"@type\":\"ReadAction\",\"target\":[[\"https:\\\/\\\/chateaudeseguinevents.com\\\/en\\\/seminaire-bordeaux\\\/\"]]}]},{\"@type\":\"ImageObject\",\"inLanguage\":\"en-US\",\"@id\":\"https:\\\/\\\/chateaudeseguinevents.com\\\/en\\\/seminaire-bordeaux\\\/#primaryimage\",\"url\":\"https:\\\/\\\/chateaudeseguinevents.com\\\/wp-content\\\/uploads\\\/2020\\\/02\\\/event-pro.jpg\",\"contentUrl\":\"https:\\\/\\\/chateaudeseguinevents.com\\\/wp-content\\\/uploads\\\/2020\\\/02\\\/event-pro.jpg\",\"width\":957,\"height\":641},{\"@type\":\"BreadcrumbList\",\"@id\":\"https:\\\/\\\/chateaudeseguinevents.com\\\/en\\\/seminaire-bordeaux\\\/#breadcrumb\",\"itemListElement\":[{\"@type\":\"ListItem\",\"position\":1,\"name\":\"Accueil\",\"item\":\"https:\\\/\\\/chateaudeseguinevents.com\\\/en\\\/\"},{\"@type\":\"ListItem\",\"position\":2,\"name\":\"\u00c9v\u00e9nements corporate\"}]},{\"@type\":\"WebSite\",\"@id\":\"https:\\\/\\\/chateaudeseguinevents.com\\\/en\\\/#website\",\"url\":\"https:\\\/\\\/chateaudeseguinevents.com\\\/en\\\/\",\"name\":\"Ch\u00e2teau de Seguin Events\",\"description\":\"Lieu d&#039;exception pour l&#039;organisation de mariages et de s\u00e9minaires\",\"potentialAction\":[{\"@type\":\"SearchAction\",\"target\":{\"@type\":\"EntryPoint\",\"urlTemplate\":\"https:\\\/\\\/chateaudeseguinevents.com\\\/en\\\/?s={search_term_string}\"},\"query-input\":{\"@type\":\"PropertyValueSpecification\",\"valueRequired\":true,\"valueName\":\"search_term_string\"}}],\"inLanguage\":\"en-US\"}]}<\/script>\n<!-- \/ Yoast SEO plugin. -->","yoast_head_json":{"title":"Corporate events - Ch\u00e2teau de Seguin Events","description":"Une adresse id\u00e9ale pour l'organisation de s\u00e9minaire proche de Bordeaux. Votre S\u00e9minaire au vert \u00e0 20 minutes du centre ville.","robots":{"index":"index","follow":"follow","max-snippet":"max-snippet:-1","max-image-preview":"max-image-preview:large","max-video-preview":"max-video-preview:-1"},"canonical":"https:\/\/chateaudeseguinevents.com\/en\/seminaire-bordeaux\/","og_locale":"en_US","og_type":"article","og_title":"Corporate events - Ch\u00e2teau de Seguin Events","og_description":"Une adresse id\u00e9ale pour l'organisation de s\u00e9minaire proche de Bordeaux. Votre S\u00e9minaire au vert \u00e0 20 minutes du centre ville.","og_url":"https:\/\/chateaudeseguinevents.com\/en\/seminaire-bordeaux\/","og_site_name":"Ch\u00e2teau de Seguin Events","article_modified_time":"2025-06-20T12:45:09+00:00","og_image":[{"width":957,"height":641,"url":"https:\/\/chateaudeseguinevents.com\/wp-content\/uploads\/2020\/02\/event-pro.jpg","type":"image\/jpeg"}],"twitter_card":"summary_large_image","twitter_misc":{"Est. reading time":"2 minutes"},"schema":{"@context":"https:\/\/schema.org","@graph":[{"@type":"WebPage","@id":"https:\/\/chateaudeseguinevents.com\/en\/seminaire-bordeaux\/","url":"https:\/\/chateaudeseguinevents.com\/en\/seminaire-bordeaux\/","name":"Corporate events - Ch\u00e2teau de Seguin Events","isPartOf":{"@id":"https:\/\/chateaudeseguinevents.com\/en\/#website"},"primaryImageOfPage":{"@id":"https:\/\/chateaudeseguinevents.com\/en\/seminaire-bordeaux\/#primaryimage"},"image":{"@id":"https:\/\/chateaudeseguinevents.com\/seminaire-bordeaux\/#primaryimage"},"thumbnailUrl":"https:\/\/chateaudeseguinevents.com\/wp-content\/uploads\/2020\/02\/event-pro.jpg","datePublished":"2020-02-04T14:25:11+00:00","dateModified":"2025-06-20T12:45:09+00:00","description":"Une adresse id\u00e9ale pour l'organisation de s\u00e9minaire proche de Bordeaux. Votre S\u00e9minaire au vert \u00e0 20 minutes du centre ville.","breadcrumb":{"@id":"https:\/\/chateaudeseguinevents.com\/en\/seminaire-bordeaux\/#breadcrumb"},"inLanguage":"en-US","potentialAction":[{"@type":"ReadAction","target":[["https:\/\/chateaudeseguinevents.com\/en\/seminaire-bordeaux\/"]]}]},{"@type":"ImageObject","inLanguage":"en-US","@id":"https:\/\/chateaudeseguinevents.com\/en\/seminaire-bordeaux\/#primaryimage","url":"https:\/\/chateaudeseguinevents.com\/wp-content\/uploads\/2020\/02\/event-pro.jpg","contentUrl":"https:\/\/chateaudeseguinevents.com\/wp-content\/uploads\/2020\/02\/event-pro.jpg","width":957,"height":641},{"@type":"BreadcrumbList","@id":"https:\/\/chateaudeseguinevents.com\/en\/seminaire-bordeaux\/#breadcrumb","itemListElement":[{"@type":"ListItem","position":1,"name":"Accueil","item":"https:\/\/chateaudeseguinevents.com\/en\/"},{"@type":"ListItem","position":2,"name":"\u00c9v\u00e9nements corporate"}]},{"@type":"WebSite","@id":"https:\/\/chateaudeseguinevents.com\/en\/#website","url":"https:\/\/chateaudeseguinevents.com\/en\/","name":"Ch\u00e2teau de Seguin Events","description":"Lieu d&#039;exception pour l&#039;organisation de mariages et de s\u00e9minaires","potentialAction":[{"@type":"SearchAction","target":{"@type":"EntryPoint","urlTemplate":"https:\/\/chateaudeseguinevents.com\/en\/?s={search_term_string}"},"query-input":{"@type":"PropertyValueSpecification","valueRequired":true,"valueName":"search_term_string"}}],"inLanguage":"en-US"}]}},"_links":{"self":[{"href":"https:\/\/chateaudeseguinevents.com\/en\/wp-json\/wp\/v2\/pages\/2334","targetHints":{"allow":["GET"]}}],"collection":[{"href":"https:\/\/chateaudeseguinevents.com\/en\/wp-json\/wp\/v2\/pages"}],"about":[{"href":"https:\/\/chateaudeseguinevents.com\/en\/wp-json\/wp\/v2\/types\/page"}],"author":[{"embeddable":true,"href":"https:\/\/chateaudeseguinevents.com\/en\/wp-json\/wp\/v2\/users\/1"}],"replies":[{"embeddable":true,"href":"https:\/\/chateaudeseguinevents.com\/en\/wp-json\/wp\/v2\/comments?post=2334"}],"version-history":[{"count":61,"href":"https:\/\/chateaudeseguinevents.com\/en\/wp-json\/wp\/v2\/pages\/2334\/revisions"}],"predecessor-version":[{"id":14645,"href":"https:\/\/chateaudeseguinevents.com\/en\/wp-json\/wp\/v2\/pages\/2334\/revisions\/14645"}],"wp:featuredmedia":[{"embeddable":true,"href":"https:\/\/chateaudeseguinevents.com\/en\/wp-json\/wp\/v2\/media\/2373"}],"wp:attachment":[{"href":"https:\/\/chateaudeseguinevents.com\/en\/wp-json\/wp\/v2\/media?parent=2334"}],"curies":[{"name":"wp","href":"https:\/\/api.w.org\/{rel}","templated":true}]}}