{"id":2331,"date":"2020-02-04T15:24:28","date_gmt":"2020-02-04T14:24:28","guid":{"rendered":"https:\/\/chateaudeseguinevents.com\/?page_id=2331"},"modified":"2025-06-20T14:57:09","modified_gmt":"2025-06-20T13:57:09","slug":"evenements-prives","status":"publish","type":"page","link":"https:\/\/chateaudeseguinevents.com\/en\/evenements-prives\/","title":{"rendered":"Private events"},"content":{"rendered":"","protected":false},"excerpt":{"rendered":"","protected":false},"author":1,"featured_media":2374,"parent":0,"menu_order":13,"comment_status":"closed","ping_status":"closed","template":"","meta":{"_acf_changed":false,"footnotes":""},"class_list":["post-2331","page","type-page","status-publish","has-post-thumbnail","hentry"],"acf":[],"yoast_head":"<!-- This site is optimized with the Yoast SEO plugin v27.3 - https:\/\/yoast.com\/product\/yoast-seo-wordpress\/ -->\n<title>Private events - Ch\u00e2teau de Seguin Events<\/title>\n<meta name=\"robots\" content=\"index, follow, max-snippet:-1, max-image-preview:large, max-video-preview:-1\" \/>\n<link rel=\"canonical\" href=\"https:\/\/chateaudeseguinevents.com\/en\/evenements-prives\/\" \/>\n<meta property=\"og:locale\" content=\"en_US\" \/>\n<meta property=\"og:type\" content=\"article\" \/>\n<meta property=\"og:title\" content=\"Private events - Ch\u00e2teau de Seguin Events\" \/>\n<meta property=\"og:url\" content=\"https:\/\/chateaudeseguinevents.com\/en\/evenements-prives\/\" \/>\n<meta property=\"og:site_name\" content=\"Ch\u00e2teau de Seguin Events\" \/>\n<meta property=\"article:modified_time\" content=\"2025-06-20T13:57:09+00:00\" \/>\n<meta property=\"og:image\" content=\"https:\/\/chateaudeseguinevents.com\/wp-content\/uploads\/2020\/02\/event-prive.jpg\" \/>\n\t<meta property=\"og:image:width\" content=\"957\" \/>\n\t<meta property=\"og:image:height\" content=\"641\" \/>\n\t<meta property=\"og:image:type\" content=\"image\/jpeg\" \/>\n<meta name=\"twitter:card\" content=\"summary_large_image\" \/>\n<script type=\"application\/ld+json\" class=\"yoast-schema-graph\">{\"@context\":\"https:\\\/\\\/schema.org\",\"@graph\":[{\"@type\":\"WebPage\",\"@id\":\"https:\\\/\\\/chateaudeseguinevents.com\\\/en\\\/evenements-prives\\\/\",\"url\":\"https:\\\/\\\/chateaudeseguinevents.com\\\/en\\\/evenements-prives\\\/\",\"name\":\"Private events - Ch\u00e2teau de Seguin Events\",\"isPartOf\":{\"@id\":\"https:\\\/\\\/chateaudeseguinevents.com\\\/en\\\/#website\"},\"primaryImageOfPage\":{\"@id\":\"https:\\\/\\\/chateaudeseguinevents.com\\\/en\\\/evenements-prives\\\/#primaryimage\"},\"image\":{\"@id\":\"https:\\\/\\\/chateaudeseguinevents.com\\\/evenements-prives\\\/#primaryimage\"},\"thumbnailUrl\":\"https:\\\/\\\/chateaudeseguinevents.com\\\/wp-content\\\/uploads\\\/2020\\\/02\\\/event-prive.jpg\",\"datePublished\":\"2020-02-04T14:24:28+00:00\",\"dateModified\":\"2025-06-20T13:57:09+00:00\",\"breadcrumb\":{\"@id\":\"https:\\\/\\\/chateaudeseguinevents.com\\\/en\\\/evenements-prives\\\/#breadcrumb\"},\"inLanguage\":\"en-US\",\"potentialAction\":[{\"@type\":\"ReadAction\",\"target\":[[\"https:\\\/\\\/chateaudeseguinevents.com\\\/en\\\/evenements-prives\\\/\"]]}]},{\"@type\":\"ImageObject\",\"inLanguage\":\"en-US\",\"@id\":\"https:\\\/\\\/chateaudeseguinevents.com\\\/en\\\/evenements-prives\\\/#primaryimage\",\"url\":\"https:\\\/\\\/chateaudeseguinevents.com\\\/wp-content\\\/uploads\\\/2020\\\/02\\\/event-prive.jpg\",\"contentUrl\":\"https:\\\/\\\/chateaudeseguinevents.com\\\/wp-content\\\/uploads\\\/2020\\\/02\\\/event-prive.jpg\",\"width\":957,\"height\":641},{\"@type\":\"BreadcrumbList\",\"@id\":\"https:\\\/\\\/chateaudeseguinevents.com\\\/en\\\/evenements-prives\\\/#breadcrumb\",\"itemListElement\":[{\"@type\":\"ListItem\",\"position\":1,\"name\":\"Accueil\",\"item\":\"https:\\\/\\\/chateaudeseguinevents.com\\\/en\\\/\"},{\"@type\":\"ListItem\",\"position\":2,\"name\":\"\u00c9v\u00e9nements priv\u00e9s\"}]},{\"@type\":\"WebSite\",\"@id\":\"https:\\\/\\\/chateaudeseguinevents.com\\\/en\\\/#website\",\"url\":\"https:\\\/\\\/chateaudeseguinevents.com\\\/en\\\/\",\"name\":\"Ch\u00e2teau de Seguin Events\",\"description\":\"Lieu d&#039;exception pour l&#039;organisation de mariages et de s\u00e9minaires\",\"potentialAction\":[{\"@type\":\"SearchAction\",\"target\":{\"@type\":\"EntryPoint\",\"urlTemplate\":\"https:\\\/\\\/chateaudeseguinevents.com\\\/en\\\/?s={search_term_string}\"},\"query-input\":{\"@type\":\"PropertyValueSpecification\",\"valueRequired\":true,\"valueName\":\"search_term_string\"}}],\"inLanguage\":\"en-US\"}]}<\/script>\n<!-- \/ Yoast SEO plugin. -->","yoast_head_json":{"title":"Private events - Ch\u00e2teau de Seguin Events","robots":{"index":"index","follow":"follow","max-snippet":"max-snippet:-1","max-image-preview":"max-image-preview:large","max-video-preview":"max-video-preview:-1"},"canonical":"https:\/\/chateaudeseguinevents.com\/en\/evenements-prives\/","og_locale":"en_US","og_type":"article","og_title":"Private events - Ch\u00e2teau de Seguin Events","og_url":"https:\/\/chateaudeseguinevents.com\/en\/evenements-prives\/","og_site_name":"Ch\u00e2teau de Seguin Events","article_modified_time":"2025-06-20T13:57:09+00:00","og_image":[{"width":957,"height":641,"url":"https:\/\/chateaudeseguinevents.com\/wp-content\/uploads\/2020\/02\/event-prive.jpg","type":"image\/jpeg"}],"twitter_card":"summary_large_image","schema":{"@context":"https:\/\/schema.org","@graph":[{"@type":"WebPage","@id":"https:\/\/chateaudeseguinevents.com\/en\/evenements-prives\/","url":"https:\/\/chateaudeseguinevents.com\/en\/evenements-prives\/","name":"Private events - Ch\u00e2teau de Seguin Events","isPartOf":{"@id":"https:\/\/chateaudeseguinevents.com\/en\/#website"},"primaryImageOfPage":{"@id":"https:\/\/chateaudeseguinevents.com\/en\/evenements-prives\/#primaryimage"},"image":{"@id":"https:\/\/chateaudeseguinevents.com\/evenements-prives\/#primaryimage"},"thumbnailUrl":"https:\/\/chateaudeseguinevents.com\/wp-content\/uploads\/2020\/02\/event-prive.jpg","datePublished":"2020-02-04T14:24:28+00:00","dateModified":"2025-06-20T13:57:09+00:00","breadcrumb":{"@id":"https:\/\/chateaudeseguinevents.com\/en\/evenements-prives\/#breadcrumb"},"inLanguage":"en-US","potentialAction":[{"@type":"ReadAction","target":[["https:\/\/chateaudeseguinevents.com\/en\/evenements-prives\/"]]}]},{"@type":"ImageObject","inLanguage":"en-US","@id":"https:\/\/chateaudeseguinevents.com\/en\/evenements-prives\/#primaryimage","url":"https:\/\/chateaudeseguinevents.com\/wp-content\/uploads\/2020\/02\/event-prive.jpg","contentUrl":"https:\/\/chateaudeseguinevents.com\/wp-content\/uploads\/2020\/02\/event-prive.jpg","width":957,"height":641},{"@type":"BreadcrumbList","@id":"https:\/\/chateaudeseguinevents.com\/en\/evenements-prives\/#breadcrumb","itemListElement":[{"@type":"ListItem","position":1,"name":"Accueil","item":"https:\/\/chateaudeseguinevents.com\/en\/"},{"@type":"ListItem","position":2,"name":"\u00c9v\u00e9nements priv\u00e9s"}]},{"@type":"WebSite","@id":"https:\/\/chateaudeseguinevents.com\/en\/#website","url":"https:\/\/chateaudeseguinevents.com\/en\/","name":"Ch\u00e2teau de Seguin Events","description":"Lieu d&#039;exception pour l&#039;organisation de mariages et de s\u00e9minaires","potentialAction":[{"@type":"SearchAction","target":{"@type":"EntryPoint","urlTemplate":"https:\/\/chateaudeseguinevents.com\/en\/?s={search_term_string}"},"query-input":{"@type":"PropertyValueSpecification","valueRequired":true,"valueName":"search_term_string"}}],"inLanguage":"en-US"}]}},"_links":{"self":[{"href":"https:\/\/chateaudeseguinevents.com\/en\/wp-json\/wp\/v2\/pages\/2331","targetHints":{"allow":["GET"]}}],"collection":[{"href":"https:\/\/chateaudeseguinevents.com\/en\/wp-json\/wp\/v2\/pages"}],"about":[{"href":"https:\/\/chateaudeseguinevents.com\/en\/wp-json\/wp\/v2\/types\/page"}],"author":[{"embeddable":true,"href":"https:\/\/chateaudeseguinevents.com\/en\/wp-json\/wp\/v2\/users\/1"}],"replies":[{"embeddable":true,"href":"https:\/\/chateaudeseguinevents.com\/en\/wp-json\/wp\/v2\/comments?post=2331"}],"version-history":[{"count":80,"href":"https:\/\/chateaudeseguinevents.com\/en\/wp-json\/wp\/v2\/pages\/2331\/revisions"}],"predecessor-version":[{"id":14672,"href":"https:\/\/chateaudeseguinevents.com\/en\/wp-json\/wp\/v2\/pages\/2331\/revisions\/14672"}],"wp:featuredmedia":[{"embeddable":true,"href":"https:\/\/chateaudeseguinevents.com\/en\/wp-json\/wp\/v2\/media\/2374"}],"wp:attachment":[{"href":"https:\/\/chateaudeseguinevents.com\/en\/wp-json\/wp\/v2\/media?parent=2331"}],"curies":[{"name":"wp","href":"https:\/\/api.w.org\/{rel}","templated":true}]}}