{"id":11,"date":"2015-04-30T15:03:39","date_gmt":"2015-04-30T14:03:39","guid":{"rendered":"https:\/\/chateaudeseguinevents.com\/?page_id=11"},"modified":"2022-02-01T09:08:27","modified_gmt":"2022-02-01T08:08:27","slug":"accueil","status":"publish","type":"page","link":"https:\/\/chateaudeseguinevents.com\/en\/","title":{"rendered":"Home"},"content":{"rendered":"<p><\/p>\n<p><strong>The Ch\u00e2teau de Seguin is a Bordeaux wine estate which covers 173 hectares in one piece, 95 hectares of which are vines. The Ch\u00e2teau de Seguin was built, with its two pointed towers and its long cellars in 1780.<\/strong><\/p>\n<p>Ch\u00e2teau de Seguin Events offers to organize your <a href=\"https:\/\/chateaudeseguinevents.com\/en\/evenements-prives\/\">private event<\/a> or <a href=\"https:\/\/chateaudeseguinevents.com\/en\/evenements-corporate\/\">professional events<\/a> at the Ch\u00e2teau. In addition to an infrastructure dedicated to the organization of events, the Ch\u00e2teau de Seguin offers <a href=\"https:\/\/chateaudeseguinevents.com\/en\/hebergements\/\">lodges and guesthouses<\/a>. In partnership with <a href=\"https:\/\/www.chateaulafrance.com\" target=\"_blank\" rel=\"noopener noreferrer\">Ch\u00e2teau La France<\/a>, located just 15 km away, additional accommodation can be made available.<\/p>\n<p><\/p>","protected":false},"excerpt":{"rendered":"<p>The Ch\u00e2teau de Seguin is a Bordeaux wine estate which covers 173 hectares in one piece, 95 hectares of which are vines. The Ch\u00e2teau de Seguin was built, with its two pointed towers and its long cellars in 1780. Ch\u00e2teau [&hellip;]<\/p>\n","protected":false},"author":1,"featured_media":2364,"parent":0,"menu_order":5,"comment_status":"open","ping_status":"open","template":"","meta":{"_acf_changed":false,"footnotes":""},"class_list":["post-11","page","type-page","status-publish","has-post-thumbnail","hentry"],"acf":[],"yoast_head":"<!-- This site is optimized with the Yoast SEO plugin v27.3 - https:\/\/yoast.com\/product\/yoast-seo-wordpress\/ -->\n<title>Ch\u00e2teau de Seguin Events - Lieu d&#039;exception pour l&#039;organisation de mariages et de s\u00e9minaires<\/title>\n<meta name=\"robots\" content=\"index, follow, max-snippet:-1, max-image-preview:large, max-video-preview:-1\" \/>\n<link rel=\"canonical\" href=\"https:\/\/chateaudeseguinevents.com\/en\/\" \/>\n<meta property=\"og:locale\" content=\"en_US\" \/>\n<meta property=\"og:type\" content=\"article\" \/>\n<meta property=\"og:title\" content=\"Ch\u00e2teau de Seguin Events - Lieu d&#039;exception pour l&#039;organisation de mariages et de s\u00e9minaires\" \/>\n<meta property=\"og:description\" content=\"The Ch\u00e2teau de Seguin is a Bordeaux wine estate which covers 173 hectares in one piece, 95 hectares of which are vines. The Ch\u00e2teau de Seguin was built, with its two pointed towers and its long cellars in 1780. Ch\u00e2teau [&hellip;]\" \/>\n<meta property=\"og:url\" content=\"https:\/\/chateaudeseguinevents.com\/en\/\" \/>\n<meta property=\"og:site_name\" content=\"Ch\u00e2teau de Seguin Events\" \/>\n<meta property=\"article:modified_time\" content=\"2022-02-01T08:08:27+00:00\" \/>\n<meta property=\"og:image\" content=\"https:\/\/chateaudeseguinevents.com\/wp-content\/uploads\/2020\/02\/presentation-background.jpg\" \/>\n\t<meta property=\"og:image:width\" content=\"1920\" \/>\n\t<meta property=\"og:image:height\" content=\"808\" \/>\n\t<meta property=\"og:image:type\" content=\"image\/jpeg\" \/>\n<meta name=\"twitter:card\" content=\"summary_large_image\" \/>\n<meta name=\"twitter:label1\" content=\"Est. reading time\" \/>\n\t<meta name=\"twitter:data1\" content=\"1 minute\" \/>\n<script type=\"application\/ld+json\" class=\"yoast-schema-graph\">{\"@context\":\"https:\\\/\\\/schema.org\",\"@graph\":[{\"@type\":\"WebPage\",\"@id\":\"https:\\\/\\\/chateaudeseguinevents.com\\\/en\\\/\",\"url\":\"https:\\\/\\\/chateaudeseguinevents.com\\\/en\\\/\",\"name\":\"Ch\u00e2teau de Seguin Events - Lieu d'exception pour l'organisation de mariages et de s\u00e9minaires\",\"isPartOf\":{\"@id\":\"https:\\\/\\\/chateaudeseguinevents.com\\\/en\\\/#website\"},\"primaryImageOfPage\":{\"@id\":\"https:\\\/\\\/chateaudeseguinevents.com\\\/en\\\/#primaryimage\"},\"image\":{\"@id\":\"https:\\\/\\\/chateaudeseguinevents.com\\\/#primaryimage\"},\"thumbnailUrl\":\"https:\\\/\\\/chateaudeseguinevents.com\\\/wp-content\\\/uploads\\\/2020\\\/02\\\/presentation-background.jpg\",\"datePublished\":\"2015-04-30T14:03:39+00:00\",\"dateModified\":\"2022-02-01T08:08:27+00:00\",\"breadcrumb\":{\"@id\":\"https:\\\/\\\/chateaudeseguinevents.com\\\/en\\\/#breadcrumb\"},\"inLanguage\":\"en-US\",\"potentialAction\":[{\"@type\":\"ReadAction\",\"target\":[[\"https:\\\/\\\/chateaudeseguinevents.com\\\/en\\\/\"]]}]},{\"@type\":\"ImageObject\",\"inLanguage\":\"en-US\",\"@id\":\"https:\\\/\\\/chateaudeseguinevents.com\\\/en\\\/#primaryimage\",\"url\":\"https:\\\/\\\/chateaudeseguinevents.com\\\/wp-content\\\/uploads\\\/2020\\\/02\\\/presentation-background.jpg\",\"contentUrl\":\"https:\\\/\\\/chateaudeseguinevents.com\\\/wp-content\\\/uploads\\\/2020\\\/02\\\/presentation-background.jpg\",\"width\":1920,\"height\":808},{\"@type\":\"BreadcrumbList\",\"@id\":\"https:\\\/\\\/chateaudeseguinevents.com\\\/en\\\/#breadcrumb\",\"itemListElement\":[{\"@type\":\"ListItem\",\"position\":1,\"name\":\"Accueil\",\"item\":\"https:\\\/\\\/chateaudeseguinevents.com\\\/en\\\/\"},{\"@type\":\"ListItem\",\"position\":2,\"name\":\"Accueil\"}]},{\"@type\":\"WebSite\",\"@id\":\"https:\\\/\\\/chateaudeseguinevents.com\\\/en\\\/#website\",\"url\":\"https:\\\/\\\/chateaudeseguinevents.com\\\/en\\\/\",\"name\":\"Ch\u00e2teau de Seguin Events\",\"description\":\"Lieu d&#039;exception pour l&#039;organisation de mariages et de s\u00e9minaires\",\"potentialAction\":[{\"@type\":\"SearchAction\",\"target\":{\"@type\":\"EntryPoint\",\"urlTemplate\":\"https:\\\/\\\/chateaudeseguinevents.com\\\/en\\\/?s={search_term_string}\"},\"query-input\":{\"@type\":\"PropertyValueSpecification\",\"valueRequired\":true,\"valueName\":\"search_term_string\"}}],\"inLanguage\":\"en-US\"}]}<\/script>\n<!-- \/ Yoast SEO plugin. -->","yoast_head_json":{"title":"Ch\u00e2teau de Seguin Events - Lieu d'exception pour l'organisation de mariages et de s\u00e9minaires","robots":{"index":"index","follow":"follow","max-snippet":"max-snippet:-1","max-image-preview":"max-image-preview:large","max-video-preview":"max-video-preview:-1"},"canonical":"https:\/\/chateaudeseguinevents.com\/en\/","og_locale":"en_US","og_type":"article","og_title":"Ch\u00e2teau de Seguin Events - Lieu d'exception pour l'organisation de mariages et de s\u00e9minaires","og_description":"The Ch\u00e2teau de Seguin is a Bordeaux wine estate which covers 173 hectares in one piece, 95 hectares of which are vines. The Ch\u00e2teau de Seguin was built, with its two pointed towers and its long cellars in 1780. Ch\u00e2teau [&hellip;]","og_url":"https:\/\/chateaudeseguinevents.com\/en\/","og_site_name":"Ch\u00e2teau de Seguin Events","article_modified_time":"2022-02-01T08:08:27+00:00","og_image":[{"width":1920,"height":808,"url":"https:\/\/chateaudeseguinevents.com\/wp-content\/uploads\/2020\/02\/presentation-background.jpg","type":"image\/jpeg"}],"twitter_card":"summary_large_image","twitter_misc":{"Est. reading time":"1 minute"},"schema":{"@context":"https:\/\/schema.org","@graph":[{"@type":"WebPage","@id":"https:\/\/chateaudeseguinevents.com\/en\/","url":"https:\/\/chateaudeseguinevents.com\/en\/","name":"Ch\u00e2teau de Seguin Events - Lieu d'exception pour l'organisation de mariages et de s\u00e9minaires","isPartOf":{"@id":"https:\/\/chateaudeseguinevents.com\/en\/#website"},"primaryImageOfPage":{"@id":"https:\/\/chateaudeseguinevents.com\/en\/#primaryimage"},"image":{"@id":"https:\/\/chateaudeseguinevents.com\/#primaryimage"},"thumbnailUrl":"https:\/\/chateaudeseguinevents.com\/wp-content\/uploads\/2020\/02\/presentation-background.jpg","datePublished":"2015-04-30T14:03:39+00:00","dateModified":"2022-02-01T08:08:27+00:00","breadcrumb":{"@id":"https:\/\/chateaudeseguinevents.com\/en\/#breadcrumb"},"inLanguage":"en-US","potentialAction":[{"@type":"ReadAction","target":[["https:\/\/chateaudeseguinevents.com\/en\/"]]}]},{"@type":"ImageObject","inLanguage":"en-US","@id":"https:\/\/chateaudeseguinevents.com\/en\/#primaryimage","url":"https:\/\/chateaudeseguinevents.com\/wp-content\/uploads\/2020\/02\/presentation-background.jpg","contentUrl":"https:\/\/chateaudeseguinevents.com\/wp-content\/uploads\/2020\/02\/presentation-background.jpg","width":1920,"height":808},{"@type":"BreadcrumbList","@id":"https:\/\/chateaudeseguinevents.com\/en\/#breadcrumb","itemListElement":[{"@type":"ListItem","position":1,"name":"Accueil","item":"https:\/\/chateaudeseguinevents.com\/en\/"},{"@type":"ListItem","position":2,"name":"Accueil"}]},{"@type":"WebSite","@id":"https:\/\/chateaudeseguinevents.com\/en\/#website","url":"https:\/\/chateaudeseguinevents.com\/en\/","name":"Ch\u00e2teau de Seguin Events","description":"Lieu d&#039;exception pour l&#039;organisation de mariages et de s\u00e9minaires","potentialAction":[{"@type":"SearchAction","target":{"@type":"EntryPoint","urlTemplate":"https:\/\/chateaudeseguinevents.com\/en\/?s={search_term_string}"},"query-input":{"@type":"PropertyValueSpecification","valueRequired":true,"valueName":"search_term_string"}}],"inLanguage":"en-US"}]}},"_links":{"self":[{"href":"https:\/\/chateaudeseguinevents.com\/en\/wp-json\/wp\/v2\/pages\/11","targetHints":{"allow":["GET"]}}],"collection":[{"href":"https:\/\/chateaudeseguinevents.com\/en\/wp-json\/wp\/v2\/pages"}],"about":[{"href":"https:\/\/chateaudeseguinevents.com\/en\/wp-json\/wp\/v2\/types\/page"}],"author":[{"embeddable":true,"href":"https:\/\/chateaudeseguinevents.com\/en\/wp-json\/wp\/v2\/users\/1"}],"replies":[{"embeddable":true,"href":"https:\/\/chateaudeseguinevents.com\/en\/wp-json\/wp\/v2\/comments?post=11"}],"version-history":[{"count":14,"href":"https:\/\/chateaudeseguinevents.com\/en\/wp-json\/wp\/v2\/pages\/11\/revisions"}],"predecessor-version":[{"id":3821,"href":"https:\/\/chateaudeseguinevents.com\/en\/wp-json\/wp\/v2\/pages\/11\/revisions\/3821"}],"wp:featuredmedia":[{"embeddable":true,"href":"https:\/\/chateaudeseguinevents.com\/en\/wp-json\/wp\/v2\/media\/2364"}],"wp:attachment":[{"href":"https:\/\/chateaudeseguinevents.com\/en\/wp-json\/wp\/v2\/media?parent=11"}],"curies":[{"name":"wp","href":"https:\/\/api.w.org\/{rel}","templated":true}]}}